{"id":262,"date":"2024-10-22T09:25:07","date_gmt":"2024-10-22T09:25:07","guid":{"rendered":"https:\/\/creditcash.it\/piattaforma\/?page_id=262"},"modified":"2024-10-22T09:33:36","modified_gmt":"2024-10-22T09:33:36","slug":"cookies-policy","status":"publish","type":"page","link":"https:\/\/creditcash.it\/piattaforma\/cookies-policy\/","title":{"rendered":"Cookies Policy"},"content":{"rendered":"<p><div class=\"fusion-fullwidth fullwidth-box fusion-builder-row-1 fusion-flex-container nonhundred-percent-fullwidth non-hundred-percent-height-scrolling\" style=\"--awb-background-position:left top;--awb-border-sizes-top:0px;--awb-border-sizes-bottom:0px;--awb-border-sizes-left:0px;--awb-border-sizes-right:0px;--awb-border-radius-top-left:0px;--awb-border-radius-top-right:0px;--awb-border-radius-bottom-right:0px;--awb-border-radius-bottom-left:0px;--awb-padding-top:17px;--awb-padding-bottom:8px;--awb-margin-top:19px;--awb-margin-bottom-medium:0px;--awb-margin-bottom-small:0px;--awb-background-color:#97cfe1;--awb-flex-wrap:wrap;\" ><div class=\"fusion-builder-row fusion-row fusion-flex-align-items-center fusion-flex-justify-content-center fusion-flex-content-wrap\" style=\"max-width:1352px;margin-left: calc(-4% \/ 2 );margin-right: calc(-4% \/ 2 );\"><div class=\"fusion-layout-column fusion_builder_column fusion-builder-column-0 fusion_builder_column_2_3 2_3 fusion-flex-column fusion-flex-align-self-center fusion-column-no-min-height\" style=\"--awb-bg-blend:overlay;--awb-bg-size:cover;--awb-width-large:66.666666666667%;--awb-margin-top-large:0px;--awb-spacing-right-large:3.84%;--awb-margin-bottom-large:0px;--awb-spacing-left-large:2.88%;--awb-width-medium:80%;--awb-spacing-right-medium:3.2%;--awb-spacing-left-medium:2.4%;--awb-width-small:100%;--awb-spacing-right-small:1.92%;--awb-spacing-left-small:1.92%;\"><div class=\"fusion-column-wrapper fusion-flex-justify-content-center fusion-content-layout-column\"><div class=\"fusion-title title fusion-title-1 fusion-sep-none fusion-title-text fusion-title-size-two\" style=\"--awb-text-color:var(--awb-color8);--awb-margin-bottom:6px;--awb-font-size:18px;\"><h2 class=\"fusion-title-heading title-heading-left\" style=\"font-family:&quot;Roboto&quot;;font-style:normal;font-weight:500;margin:0;font-size:1em;\">Creditcash.it Liquidit\u00e0 immediata per le Imprese<\/h2><\/div><div class=\"fusion-text fusion-text-1 fusion-text-no-margin\" style=\"--awb-content-alignment:left;--awb-line-height:1.5;--awb-text-color:hsla(var(--awb-color8-h),var(--awb-color8-s),var(--awb-color8-l),calc(var(--awb-color8-a) - 20%));--awb-margin-top:0px;--awb-text-font-family:&quot;Roboto&quot;;--awb-text-font-style:normal;--awb-text-font-weight:300;\"><p>Liberare nuove risorse finanziarie ed abbattere i rischi di insolvenza. Creditcash.it offre alle aziende di gestire diverse tipologie di crediti che potranno essere ceduti pro soluto cos\u00ec da ottenere velocemente liquidit\u00e0.<\/p>\n<\/div><div class=\"fusion-separator fusion-full-width-sep\" style=\"align-self: center;margin-left: auto;margin-right: auto;margin-top:15px;width:100%;\"><\/div><\/div><\/div><div class=\"fusion-layout-column fusion_builder_column fusion-builder-column-1 fusion_builder_column_1_3 1_3 fusion-flex-column fusion-flex-align-self-center fusion-column-no-min-height\" style=\"--awb-bg-blend:overlay;--awb-bg-size:cover;--awb-width-large:33.333333333333%;--awb-margin-top-large:0px;--awb-spacing-right-large:5.76%;--awb-margin-bottom-large:0px;--awb-spacing-left-large:3.84%;--awb-width-medium:80%;--awb-spacing-right-medium:2.4%;--awb-spacing-left-medium:1.6%;--awb-width-small:100%;--awb-spacing-right-small:1.92%;--awb-spacing-left-small:1.92%;\"><div class=\"fusion-column-wrapper fusion-flex-justify-content-center fusion-content-layout-column\"><div class=\"fusion-separator fusion-full-width-sep\" style=\"align-self: center;margin-left: auto;margin-right: auto;margin-top:15px;width:100%;\"><\/div><div ><a class=\"fusion-button button-flat fusion-button-default-size button-custom fusion-button-default button-1 fusion-button-default-span fusion-button-default-type\" style=\"--button_accent_color:var(--awb-color8);--button_border_color:var(--awb-color8);--button_accent_hover_color:var(--awb-color1);--button_border_hover_color:var(--awb-color1);--button_gradient_top_color:#94bccc;--button_gradient_bottom_color:#94bccc;--button_gradient_top_color_hover:var(--awb-color8);--button_gradient_bottom_color_hover:var(--awb-color8);--button_font_size:16px;--button_typography-font-family:&quot;Roboto&quot;;--button_typography-font-style:normal;--button_typography-font-weight:400;\" target=\"_self\"><span class=\"fusion-button-text\">Scopri come funziona<\/span><\/a><\/div><\/div><\/div><\/div><\/div><div class=\"fusion-fullwidth fullwidth-box fusion-builder-row-2 fusion-flex-container nonhundred-percent-fullwidth non-hundred-percent-height-scrolling\" style=\"--awb-background-position:left top;--awb-border-sizes-top:0px;--awb-border-sizes-bottom:0px;--awb-border-sizes-left:0px;--awb-border-sizes-right:0px;--awb-border-radius-top-left:0px;--awb-border-radius-top-right:0px;--awb-border-radius-bottom-right:0px;--awb-border-radius-bottom-left:0px;--awb-padding-top:0px;--awb-padding-bottom:0px;--awb-margin-bottom:0px;--awb-margin-bottom-medium:0px;--awb-margin-bottom-small:0px;--awb-background-color:var(--awb-color1);--awb-flex-wrap:wrap;\" ><div class=\"fusion-builder-row fusion-row fusion-flex-align-items-stretch fusion-flex-content-wrap\" style=\"max-width:1352px;margin-left: calc(-4% \/ 2 );margin-right: calc(-4% \/ 2 );\"><div class=\"fusion-layout-column fusion_builder_column fusion-builder-column-2 fusion_builder_column_1_1 1_1 fusion-flex-column\" style=\"--awb-padding-top:22px;--awb-padding-bottom:22px;--awb-bg-size:cover;--awb-width-large:100%;--awb-margin-top-large:0px;--awb-spacing-right-large:1.92%;--awb-margin-bottom-large:20px;--awb-spacing-left-large:1.92%;--awb-width-medium:100%;--awb-order-medium:0;--awb-spacing-right-medium:1.92%;--awb-spacing-left-medium:1.92%;--awb-width-small:100%;--awb-order-small:0;--awb-spacing-right-small:1.92%;--awb-spacing-left-small:1.92%;\"><div class=\"fusion-column-wrapper fusion-column-has-shadow fusion-flex-justify-content-flex-start fusion-content-layout-column\"><\/div><\/div><\/div><\/div><div class=\"fusion-fullwidth fullwidth-box fusion-builder-row-3 fusion-flex-container has-pattern-background has-mask-background nonhundred-percent-fullwidth non-hundred-percent-height-scrolling\" style=\"--awb-border-radius-top-left:0px;--awb-border-radius-top-right:0px;--awb-border-radius-bottom-right:0px;--awb-border-radius-bottom-left:0px;--awb-padding-left:40px;--awb-flex-wrap:wrap;\" ><div class=\"fusion-builder-row fusion-row fusion-flex-align-items-flex-start fusion-flex-content-wrap\" style=\"max-width:1352px;margin-left: calc(-4% \/ 2 );margin-right: calc(-4% \/ 2 );\"><div class=\"fusion-layout-column fusion_builder_column fusion-builder-column-3 fusion-flex-column\" style=\"--awb-padding-left:15px;--awb-bg-size:cover;--awb-width-large:85%;--awb-margin-top-large:0px;--awb-spacing-right-large:2.2588235294118%;--awb-margin-bottom-large:20px;--awb-spacing-left-large:2.2588235294118%;--awb-width-medium:85%;--awb-order-medium:0;--awb-spacing-right-medium:2.2588235294118%;--awb-spacing-left-medium:2.2588235294118%;--awb-width-small:100%;--awb-order-small:0;--awb-spacing-right-small:1.92%;--awb-spacing-left-small:1.92%;\" data-scroll-devices=\"small-visibility,medium-visibility,large-visibility\"><div class=\"fusion-column-wrapper fusion-column-has-shadow fusion-flex-justify-content-flex-start fusion-content-layout-column\"><div class=\"fusion-title title fusion-title-2 fusion-sep-none fusion-title-text fusion-title-size-two\" style=\"--awb-text-color:var(--awb-color5);--awb-margin-top:0px;--awb-font-size:60px;\"><h2 class=\"fusion-title-heading title-heading-left\" style=\"font-family:&quot;Roboto&quot;;font-style:normal;font-weight:700;margin:0;font-size:1em;\">Cookies Policy<\/h2><\/div><div class=\"fusion-text fusion-text-2 fusion-text-no-margin\" style=\"--awb-content-alignment:left;--awb-font-size:20px;--awb-text-color:hsla(var(--awb-color8-h),var(--awb-color8-s),var(--awb-color8-l),calc(var(--awb-color8-a) - 20%));--awb-margin-right:5px;--awb-margin-left:5px;--awb-text-font-family:&quot;Roboto&quot;;--awb-text-font-style:normal;--awb-text-font-weight:300;\"><p>Gentile Utente, mdesideriamo informarLa che i dati personali da Lei forniti formeranno oggetto di trattamento nel rispetto del Regolamento UE n. 2016\/679 (di seguito \u201cGDPR 2016\/679\u201d), recante disposizioni a tutela delle persone e di altri soggetti nel rispetto al trattamento dei dati personali.<\/p>\n<\/div><div class=\"fusion-separator fusion-full-width-sep\" style=\"align-self: center;margin-left: auto;margin-right: auto;margin-top:20px;margin-bottom:20px;width:100%;\"><div class=\"fusion-separator-border sep-single sep-solid\" style=\"--awb-height:20px;--awb-amount:20px;--awb-sep-color:var(--awb-color2);border-color:var(--awb-color2);border-top-width:2px;\"><\/div><\/div><div class=\"fusion-text fusion-text-3 fusion-text-no-margin\" style=\"--awb-content-alignment:left;--awb-font-size:18px;--awb-text-color:hsla(var(--awb-color8-h),var(--awb-color8-s),var(--awb-color8-l),calc(var(--awb-color8-a) - 20%));--awb-margin-right:5px;--awb-margin-bottom:20px;--awb-margin-left:5px;--awb-text-font-family:&quot;Roboto&quot;;--awb-text-font-style:normal;--awb-text-font-weight:300;\"><p><b>Per far funzionare bene questo sito, a volte installiamo sul tuo dispositivo dei piccoli file di dati che si chiamano \u201ccookies\u201d.<\/b><\/p>\n<\/div><div class=\"fusion-text fusion-text-4 fusion-text-no-margin\" style=\"--awb-content-alignment:left;--awb-font-size:18px;--awb-text-color:hsla(var(--awb-color8-h),var(--awb-color8-s),var(--awb-color8-l),calc(var(--awb-color8-a) - 20%));--awb-margin-right:5px;--awb-margin-left:5px;--awb-text-font-family:&quot;Roboto&quot;;--awb-text-font-style:normal;--awb-text-font-weight:300;\"><p><b>Cosa sono i Cookies<\/b><br \/>I cookie sono piccoli file di testo che i siti visitati dall\u2019utente minviano e registrano sul suo browser, per essere poi ritrasmessi agli stessi siti alla successiva visita. Proprio grazie ai cookie un sito ricorda le azioni e preferenze dell\u2019utente (come, ad esempio, i dati di login, la lingua prescelta, le dimensioni dei caratteri, altre impostazioni di visualizzazione, ecc.) in modo che non debbano essere indicate nuovamente quando l\u2019utente torni a visitare detto sito o navighi da una pagina all\u2019altra di esso. I cookie, quindi, sono usati per eseguire autenticazioni informatiche, monitoraggio di sessioni e memorizzazione di informazioni riguardanti le attivit\u00e0 degli utenti che accedono ad un sito e possono contenere anche un codice identificativo unico che consente di tenere traccia della navigazione dell\u2019utente all\u2019interno del sito stesso per finalit\u00e0 statistiche o pubblicitarie. Nel corso della navigazione su un sito, l\u2019utente pu\u00f2 ricevere sul suo browser anche cookie di siti o di web server diversi da quello che sta visitando (c.d. cookie di \u201cterze parti\u201d).<\/p>\n<p>Alcune operazioni non potrebbero essere compiute senza l\u2019uso dei cookie, che in certi casi sono quindi tecnicamente necessari per lo stesso funzionamento del sito.<\/p>\n<p><b>Classificazione dei cookie<\/b><br \/>Esistono vari tipi di cookie, a seconda delle loro caratteristiche e funzioni, e questi possono rimanere nel browser dell\u2019utente per periodi di tempo diversi: c.d. cookie di sessione, che viene automaticamente cancellato alla chiusura del browser; c.d. cookie persistenti, che permangono sull\u2019apparecchiatura dell\u2019utente fino ad una scadenza prestabilita.<\/p>\n<p>In base alla normativa vigente in Italia, per l\u2019utilizzo dei cookie non sempre \u00e8 richiesto un espresso consenso dell\u2019utente. In particolare, non richiedono tale consenso i \u201ccookie tecnici\u201d, cio\u00e8 quelli utilizzati al solo fine di effettuare la trasmissione di una comunicazione su una rete di comunicazione elettronica, o nella misura strettamente necessaria per erogare un servizio esplicitamente richiesto dall\u2019utente. Si tratta, in altre parole, di cookie indispensabili per il funzionamento del sito o necessari per eseguire attivit\u00e0 richieste dall\u2019utente.<\/p>\n<p>Tra i cookie tecnici, che non richiedono un consenso espresso per il loro utilizzo, il Garante per la protezione dei dati personali italiano (cfr. Provvedimento Individuazione delle modalit\u00e0 semplificate per l\u2019informativa e l\u2019acquisizione del consenso per l\u2019uso dei cookie dell\u20198 maggio 2014 e successivi chiarimenti, di seguito solo \u201cProvvedimento\u201d) ricomprende anche:<\/p>\n<p>\u2022 i \u201ccookie analytics\u201d laddove utilizzati direttamente dal gestore del sito per raccogliere informazioni, in forma aggregata, sul numero degli utenti e su come questi visitano il sito stesso,<br \/>\u2022 i cookie di navigazione o di sessione (per autenticarsi),<br \/>\u2022 i cookie di funzionalit\u00e0, che permettono all\u2019utente la navigazione in funzione di una serie di criteri selezionati (ad esempio, la lingua, i prodotti selezionati per l\u2019acquisto) al fine di migliorare il servizio reso allo stesso.<\/p>\n<p>Per i \u201c<strong>cookie di profilazione<\/strong>\u201d, viceversa, cio\u00e8 quelli volti a creare profili relativi all\u2019utente e utilizzati al fine di inviare messaggi pubblicitari in linea con le preferenze manifestate dallo stesso nell\u2019ambito della navigazione in rete, \u00e8 richiesto un preventivo consenso dell\u2019utente.<\/p>\n<p><strong><b>Tipologie di cookie utilizzati dal Sito e possibilit\u00e0 di (de-)selezione<\/b><br \/><\/strong><\/p>\n<div class=\"wpb_text_column has-custom-color wpex-child-inherit-color wpb_content_element \">\n<div class=\"wpb_wrapper\">\n<p>l Sito utilizza i seguenti cookie:<\/p>\n<ul>\n<li>Cookie tecnici di navigazione o sessione e strettamente necessari per il funzionamento del Sito o per consentirle di usufruire dei contenuti e dei servizi richiesti.<\/li>\n<li>Cookie di funzionalit\u00e0, cio\u00e8 utilizzati per attivare specifiche funzionalit\u00e0 del Sito e una serie di criteri selezionati (ad esempio la lingua) al fine di migliorare il servizio reso.<\/li>\n<li>Cookie tecnici\/analitici di performance, cio\u00e8 tutti quelli che sono utilizzati per migliorare il servizio reso (SC_ANALYTICS_SESSION_COOKIE\/SC_ANALYTICS_GLOBAL_COOKIE).<\/li>\n<li>Cookie di terze parti, cio\u00e8 cookie di siti o di web server diversi da quello di www.creditcash.it, utilizzati per finalit\u00e0 proprie di dette parti terze. Si precisa che tali soggetti terzi, di seguito elencati con i relativi collegamenti alle politiche sulla privacy, sono tipicamente autonomi titolari del trattamento dei dati raccolti attraverso i mcookie da essi serviti; pertanto, dovr\u00e0 fare riferimento alle loro politiche di trattamento di dati personali, informative e moduli di consenso (selezione e de-selezione dei rispettivi cookie), come precisato nel citato Provvedimento. Per completezza inoltre si precisa che www.creditcash.it fa il massimo per poter tracciare i cookie sul proprio Sito. Per quanto concerne le terze parti che inviano cookie tramite il nostro Sito, forniamo di seguito i link alle rispettive informative privacy: a tali terze parti demandiamo, come gi\u00e0 precisato, la responsabilit\u00e0 di fornire l\u2019informativa e raccogliere il Suo consenso, come previsto dal Provvedimento. Detta responsabilit\u00e0 \u00e8 da riferirsi non solo ai cookie che le terze parti inviano direttamente, ma anche ad eventuali ulteriori cookie che vengono inviati tramite il nostro Sito in virt\u00f9 dell\u2019utilizzo di servizi di cui le terze parti stesse fruiscono. Rispetto a tali cookie infatti, inviati da fornitori di servizi delle citate terze parti,<strong>Falanga Financial Solutions srl<\/strong> non ha la possibilit\u00e0 di esercitare alcun controllo e non ne conosce n\u00e9 le caratteristiche n\u00e9 le finalit\u00e0.<\/li>\n<\/ul>\n<\/div>\n<\/div>\n<div class=\"vcex-spacing wpex-w-100 wpex-clear\"> <\/div>\n<div class=\"wpb_text_column has-custom-color wpex-child-inherit-color wpb_content_element \">\n<div class=\"wpb_wrapper\">\n<p><strong><b>Impostazioni relative ai cookie<\/b><br \/><\/strong>L\u2019utente pu\u00f2 bloccare o cancellare (in tutto o in parte) i cookie tecnici e difunzionalit\u00e0 attraverso le specifiche funzioni del suo Browser. Informiamo, tuttavia, che non autorizzare i cookie tecnici potrebbecomportare l\u2019impossibilit\u00e0 di utilizzare il Sito, visionarne i contenuti ed usufruire dei relativi servizi. Inibire i cookie di funzionalit\u00e0 potrebbe comportare che alcuni servizi o determinate funzioni del Sito non siano disponibili o non funzionino correttamente.<\/p>\n<p>Le scelte operate in riferimento ai cookie del Sito saranno a loro volta registrate in un apposito cookie. Tale cookie potrebbe, tuttavia, in alcune circostanze non funzionare correttamente: in tali casi, Le consigliamo di cancellare i cookie non graditi e di inibirne l\u2019utilizzo anche attraverso le funzionalit\u00e0 dei suoi Browser. Le sue preferenze in riferimento ai cookie andranno reimpostate nel mcaso in cui utilizzi diversi dispositivi o Browser per accedere al Sito.<\/p>\n<\/div>\n<\/div>\n<div class=\"vcex-spacing wpex-w-100 wpex-clear\"> <\/div>\n<div class=\"wpb_text_column has-custom-color wpex-child-inherit-color wpb_content_element \">\n<div class=\"wpb_wrapper\">\n<p><strong><b>Come visualizzare e modificare i cookie attraverso il Browser<\/b><br \/><\/strong>Pu\u00f2 autorizzare, bloccare o cancellare (in tutto o in parte) i cookie attraverso le specifiche funzioni del Suo Browser. Per avere maggiori informazioni su come impostare le preferenze sull\u2019uso dei cookie attraverso il Browser, \u00e8 possibile consultare le relative istruzioni:<\/p>\n<p>\u2022 <b>Internet Explorer<\/b> <a href=\"http:\/\/windows.microsoft.com\/it-it\/windows7\/block-enable-or-allow-cookies\" target=\"_blank\" rel=\"noopener noreferrer\"><u>http:\/\/windows.microsoft.com\/it-it\/windows7\/block-enable-or-allow-cookies<\/u><\/a><br \/>\u2022 <b>Firefox<\/b> <a href=\"http:\/\/support.mozilla.org\/it-IT\/kb\/enable-and-disable-cookies-website-preferences\" target=\"_blank\" rel=\"noopener noreferrer\"><u>http:\/\/support.mozilla.org\/it-IT\/kb\/enable-and-disable-cookies-website-preferences<\/u><\/a><br \/>\u2022 <b>Chrome<\/b> <a href=\"https:\/\/support.google.com\/chrome\/answer\/95647?hl=it-IT&amp;hlrm=fr&amp;hlrm=en\" target=\"_blank\" rel=\"noopener noreferrer\"><u>https:\/\/support.google.com\/chrome\/answer\/95647?hl=it-IT&amp;hlrm=fr&amp;hlrm=en<\/u><\/a><br \/>\u2022 <b>Safari<\/b> <u>h<a href=\"http:\/\/support.apple.com\/kb\/PH11913\" target=\"_blank\" rel=\"noopener noreferrer\">ttp:\/\/support.apple.com\/kb\/PH11913<\/a><\/u><\/p>\n<p>Se hai bisogno di ulteriori informazioni o se hai domande sulla politica della privacy di questo sito ti preghiamo di contattarci via email all\u2019indirizzo <a href=\"mailto:info@creditcash.it\"><u><b>info@creditcash.it<\/b><\/u><\/a><\/p>\n<\/div>\n<\/div>\n<\/div><div class=\"fusion-text fusion-text-5 fusion-text-no-margin\" style=\"--awb-content-alignment:left;--awb-font-size:20px;--awb-text-color:hsla(var(--awb-color8-h),var(--awb-color8-s),var(--awb-color8-l),calc(var(--awb-color8-a) - 20%));--awb-margin-right:5px;--awb-margin-left:5px;--awb-text-font-family:&quot;Roboto&quot;;--awb-text-font-style:normal;--awb-text-font-weight:300;\"><\/div><\/div><\/div><\/div><\/div><div class=\"fusion-fullwidth fullwidth-box fusion-builder-row-4 fusion-flex-container nonhundred-percent-fullwidth non-hundred-percent-height-scrolling\" style=\"--awb-background-position:left top;--awb-border-sizes-top:0px;--awb-border-sizes-bottom:0px;--awb-border-sizes-left:0px;--awb-border-sizes-right:0px;--awb-border-radius-top-left:0px;--awb-border-radius-top-right:0px;--awb-border-radius-bottom-right:0px;--awb-border-radius-bottom-left:0px;--awb-padding-top:100px;--awb-padding-bottom:140px;--awb-margin-bottom-medium:0px;--awb-margin-bottom-small:0px;--awb-background-color:var(--awb-color1);--awb-flex-wrap:wrap;\" ><div class=\"fusion-builder-row fusion-row fusion-flex-align-items-stretch fusion-flex-content-wrap\" style=\"max-width:1352px;margin-left: calc(-4% \/ 2 );margin-right: calc(-4% \/ 2 );\"><div class=\"fusion-layout-column fusion_builder_column fusion-builder-column-4 fusion_builder_column_1_1 1_1 fusion-flex-column\" style=\"--awb-bg-blend:overlay;--awb-bg-size:cover;--awb-width-large:100%;--awb-margin-top-large:0px;--awb-spacing-right-large:1.92%;--awb-margin-bottom-large:55px;--awb-spacing-left-large:1.92%;--awb-width-medium:100%;--awb-order-medium:0;--awb-spacing-right-medium:1.92%;--awb-spacing-left-medium:1.92%;--awb-width-small:100%;--awb-order-small:0;--awb-spacing-right-small:1.92%;--awb-spacing-left-small:1.92%;\"><div class=\"fusion-column-wrapper fusion-column-has-shadow fusion-flex-justify-content-flex-start fusion-content-layout-column\"><div class=\"fusion-separator fusion-full-width-sep\" style=\"align-self: center;margin-left: auto;margin-right: auto;margin-top:0px;margin-bottom:0px;width:100%;\"><div class=\"fusion-separator-border sep-single sep-solid\" style=\"--awb-height:20px;--awb-amount:20px;--awb-sep-color:var(--awb-color2);border-color:var(--awb-color2);border-top-width:2px;\"><\/div><\/div><\/div><\/div><\/div><\/div><\/p>\n","protected":false},"excerpt":{"rendered":"","protected":false},"author":1,"featured_media":0,"parent":0,"menu_order":0,"comment_status":"closed","ping_status":"closed","template":"100-width.php","meta":{"footnotes":""},"class_list":["post-262","page","type-page","status-publish","hentry"],"_links":{"self":[{"href":"https:\/\/creditcash.it\/piattaforma\/wp-json\/wp\/v2\/pages\/262","targetHints":{"allow":["GET"]}}],"collection":[{"href":"https:\/\/creditcash.it\/piattaforma\/wp-json\/wp\/v2\/pages"}],"about":[{"href":"https:\/\/creditcash.it\/piattaforma\/wp-json\/wp\/v2\/types\/page"}],"author":[{"embeddable":true,"href":"https:\/\/creditcash.it\/piattaforma\/wp-json\/wp\/v2\/users\/1"}],"replies":[{"embeddable":true,"href":"https:\/\/creditcash.it\/piattaforma\/wp-json\/wp\/v2\/comments?post=262"}],"version-history":[{"count":4,"href":"https:\/\/creditcash.it\/piattaforma\/wp-json\/wp\/v2\/pages\/262\/revisions"}],"predecessor-version":[{"id":266,"href":"https:\/\/creditcash.it\/piattaforma\/wp-json\/wp\/v2\/pages\/262\/revisions\/266"}],"wp:attachment":[{"href":"https:\/\/creditcash.it\/piattaforma\/wp-json\/wp\/v2\/media?parent=262"}],"curies":[{"name":"wp","href":"https:\/\/api.w.org\/{rel}","templated":true}]}}