{"id":21,"date":"2024-10-15T07:36:04","date_gmt":"2024-10-15T07:36:04","guid":{"rendered":"https:\/\/creditcash.it\/piattaforma\/index.php\/home\/"},"modified":"2024-10-22T08:28:59","modified_gmt":"2024-10-22T08:28:59","slug":"privacy-policy","status":"publish","type":"page","link":"https:\/\/creditcash.it\/piattaforma\/privacy-policy\/","title":{"rendered":"Privacy Policy"},"content":{"rendered":"<p><div class=\"fusion-fullwidth fullwidth-box fusion-builder-row-1 fusion-flex-container nonhundred-percent-fullwidth non-hundred-percent-height-scrolling\" style=\"--awb-background-position:left top;--awb-border-sizes-top:0px;--awb-border-sizes-bottom:0px;--awb-border-sizes-left:0px;--awb-border-sizes-right:0px;--awb-border-radius-top-left:0px;--awb-border-radius-top-right:0px;--awb-border-radius-bottom-right:0px;--awb-border-radius-bottom-left:0px;--awb-padding-top:17px;--awb-padding-bottom:8px;--awb-margin-top:19px;--awb-margin-bottom-medium:0px;--awb-margin-bottom-small:0px;--awb-background-color:#97cfe1;--awb-flex-wrap:wrap;\" ><div class=\"fusion-builder-row fusion-row fusion-flex-align-items-center fusion-flex-justify-content-center fusion-flex-content-wrap\" style=\"max-width:1352px;margin-left: calc(-4% \/ 2 );margin-right: calc(-4% \/ 2 );\"><div class=\"fusion-layout-column fusion_builder_column fusion-builder-column-0 fusion_builder_column_2_3 2_3 fusion-flex-column fusion-flex-align-self-center fusion-column-no-min-height\" style=\"--awb-bg-blend:overlay;--awb-bg-size:cover;--awb-width-large:66.666666666667%;--awb-margin-top-large:0px;--awb-spacing-right-large:3.84%;--awb-margin-bottom-large:0px;--awb-spacing-left-large:2.88%;--awb-width-medium:80%;--awb-spacing-right-medium:3.2%;--awb-spacing-left-medium:2.4%;--awb-width-small:100%;--awb-spacing-right-small:1.92%;--awb-spacing-left-small:1.92%;\"><div class=\"fusion-column-wrapper fusion-flex-justify-content-center fusion-content-layout-column\"><div class=\"fusion-title title fusion-title-1 fusion-sep-none fusion-title-text fusion-title-size-two\" style=\"--awb-text-color:var(--awb-color8);--awb-margin-bottom:6px;--awb-font-size:18px;\"><h2 class=\"fusion-title-heading title-heading-left\" style=\"font-family:&quot;Roboto&quot;;font-style:normal;font-weight:500;margin:0;font-size:1em;\">Creditcash.it Liquidit\u00e0 immediata per le Imprese<\/h2><\/div><div class=\"fusion-text fusion-text-1 fusion-text-no-margin\" style=\"--awb-content-alignment:left;--awb-line-height:1.5;--awb-text-color:hsla(var(--awb-color8-h),var(--awb-color8-s),var(--awb-color8-l),calc(var(--awb-color8-a) - 20%));--awb-margin-top:0px;--awb-text-font-family:&quot;Roboto&quot;;--awb-text-font-style:normal;--awb-text-font-weight:300;\"><p>Liberare nuove risorse finanziarie ed abbattere i rischi di insolvenza. Creditcash.it offre alle aziende di gestire diverse tipologie di crediti che potranno essere ceduti pro soluto cos\u00ec da ottenere velocemente liquidit\u00e0.<\/p>\n<\/div><div class=\"fusion-separator fusion-full-width-sep\" style=\"align-self: center;margin-left: auto;margin-right: auto;margin-top:15px;width:100%;\"><\/div><\/div><\/div><div class=\"fusion-layout-column fusion_builder_column fusion-builder-column-1 fusion_builder_column_1_3 1_3 fusion-flex-column fusion-flex-align-self-center fusion-column-no-min-height\" style=\"--awb-bg-blend:overlay;--awb-bg-size:cover;--awb-width-large:33.333333333333%;--awb-margin-top-large:0px;--awb-spacing-right-large:5.76%;--awb-margin-bottom-large:0px;--awb-spacing-left-large:3.84%;--awb-width-medium:80%;--awb-spacing-right-medium:2.4%;--awb-spacing-left-medium:1.6%;--awb-width-small:100%;--awb-spacing-right-small:1.92%;--awb-spacing-left-small:1.92%;\"><div class=\"fusion-column-wrapper fusion-flex-justify-content-center fusion-content-layout-column\"><div class=\"fusion-separator fusion-full-width-sep\" style=\"align-self: center;margin-left: auto;margin-right: auto;margin-top:15px;width:100%;\"><\/div><div ><a class=\"fusion-button button-flat fusion-button-default-size button-custom fusion-button-default button-1 fusion-button-default-span fusion-button-default-type\" style=\"--button_accent_color:var(--awb-color8);--button_border_color:var(--awb-color8);--button_accent_hover_color:var(--awb-color1);--button_border_hover_color:var(--awb-color1);--button_gradient_top_color:#94bccc;--button_gradient_bottom_color:#94bccc;--button_gradient_top_color_hover:var(--awb-color8);--button_gradient_bottom_color_hover:var(--awb-color8);--button_font_size:16px;--button_typography-font-family:&quot;Roboto&quot;;--button_typography-font-style:normal;--button_typography-font-weight:400;\" target=\"_self\"><span class=\"fusion-button-text\">Scopri come funziona<\/span><\/a><\/div><\/div><\/div><\/div><\/div><div class=\"fusion-fullwidth fullwidth-box fusion-builder-row-2 fusion-flex-container nonhundred-percent-fullwidth non-hundred-percent-height-scrolling\" style=\"--awb-background-position:left top;--awb-border-sizes-top:0px;--awb-border-sizes-bottom:0px;--awb-border-sizes-left:0px;--awb-border-sizes-right:0px;--awb-border-radius-top-left:0px;--awb-border-radius-top-right:0px;--awb-border-radius-bottom-right:0px;--awb-border-radius-bottom-left:0px;--awb-padding-top:0px;--awb-padding-bottom:0px;--awb-margin-bottom:0px;--awb-margin-bottom-medium:0px;--awb-margin-bottom-small:0px;--awb-background-color:var(--awb-color1);--awb-flex-wrap:wrap;\" ><div class=\"fusion-builder-row fusion-row fusion-flex-align-items-stretch fusion-flex-content-wrap\" style=\"max-width:1352px;margin-left: calc(-4% \/ 2 );margin-right: calc(-4% \/ 2 );\"><div class=\"fusion-layout-column fusion_builder_column fusion-builder-column-2 fusion_builder_column_1_1 1_1 fusion-flex-column\" style=\"--awb-padding-top:22px;--awb-padding-bottom:22px;--awb-bg-size:cover;--awb-width-large:100%;--awb-margin-top-large:0px;--awb-spacing-right-large:1.92%;--awb-margin-bottom-large:20px;--awb-spacing-left-large:1.92%;--awb-width-medium:100%;--awb-order-medium:0;--awb-spacing-right-medium:1.92%;--awb-spacing-left-medium:1.92%;--awb-width-small:100%;--awb-order-small:0;--awb-spacing-right-small:1.92%;--awb-spacing-left-small:1.92%;\"><div class=\"fusion-column-wrapper fusion-column-has-shadow fusion-flex-justify-content-flex-start fusion-content-layout-column\"><\/div><\/div><\/div><\/div><div class=\"fusion-fullwidth fullwidth-box fusion-builder-row-3 fusion-flex-container has-pattern-background has-mask-background nonhundred-percent-fullwidth non-hundred-percent-height-scrolling\" style=\"--awb-border-radius-top-left:0px;--awb-border-radius-top-right:0px;--awb-border-radius-bottom-right:0px;--awb-border-radius-bottom-left:0px;--awb-padding-left:40px;--awb-flex-wrap:wrap;\" ><div class=\"fusion-builder-row fusion-row fusion-flex-align-items-flex-start fusion-flex-content-wrap\" style=\"max-width:1352px;margin-left: calc(-4% \/ 2 );margin-right: calc(-4% \/ 2 );\"><div class=\"fusion-layout-column fusion_builder_column fusion-builder-column-3 fusion-flex-column\" style=\"--awb-padding-left:15px;--awb-bg-size:cover;--awb-width-large:85%;--awb-margin-top-large:0px;--awb-spacing-right-large:2.2588235294118%;--awb-margin-bottom-large:20px;--awb-spacing-left-large:2.2588235294118%;--awb-width-medium:85%;--awb-order-medium:0;--awb-spacing-right-medium:2.2588235294118%;--awb-spacing-left-medium:2.2588235294118%;--awb-width-small:100%;--awb-order-small:0;--awb-spacing-right-small:1.92%;--awb-spacing-left-small:1.92%;\" data-scroll-devices=\"small-visibility,medium-visibility,large-visibility\"><div class=\"fusion-column-wrapper fusion-column-has-shadow fusion-flex-justify-content-flex-start fusion-content-layout-column\"><div class=\"fusion-title title fusion-title-2 fusion-sep-none fusion-title-text fusion-title-size-two\" style=\"--awb-text-color:var(--awb-color5);--awb-margin-top:0px;--awb-font-size:60px;\"><h2 class=\"fusion-title-heading title-heading-left\" style=\"font-family:&quot;Roboto&quot;;font-style:normal;font-weight:700;margin:0;font-size:1em;\">Privacy Policy<\/h2><\/div><div class=\"fusion-text fusion-text-2 fusion-text-no-margin\" style=\"--awb-content-alignment:left;--awb-font-size:20px;--awb-text-color:hsla(var(--awb-color8-h),var(--awb-color8-s),var(--awb-color8-l),calc(var(--awb-color8-a) - 20%));--awb-margin-right:5px;--awb-margin-left:5px;--awb-text-font-family:&quot;Roboto&quot;;--awb-text-font-style:normal;--awb-text-font-weight:300;\"><p>Informativa sul trattamento dei dati personali ai sensi dell\u2019art. 13 del Regolamento UE n. 2016\/679<\/p>\n<\/div><div class=\"fusion-separator fusion-full-width-sep\" style=\"align-self: center;margin-left: auto;margin-right: auto;margin-top:20px;margin-bottom:20px;width:100%;\"><div class=\"fusion-separator-border sep-single sep-solid\" style=\"--awb-height:20px;--awb-amount:20px;--awb-sep-color:var(--awb-color2);border-color:var(--awb-color2);border-top-width:2px;\"><\/div><\/div><div class=\"fusion-text fusion-text-3 fusion-text-no-margin\" style=\"--awb-content-alignment:left;--awb-font-size:20px;--awb-text-color:hsla(var(--awb-color8-h),var(--awb-color8-s),var(--awb-color8-l),calc(var(--awb-color8-a) - 20%));--awb-margin-right:5px;--awb-margin-left:5px;--awb-text-font-family:&quot;Roboto&quot;;--awb-text-font-style:normal;--awb-text-font-weight:300;\"><p>Gentile Utente, desideriamo informarLa che i dati personali da Lei forniti formeranno oggetto di trattamento nel rispetto del Regolamento UE n. 2016\/679 (di seguito \u201cGDPR 2016\/679\u201d), recante disposizioni a tutela delle persone e di altri soggetti nel rispetto al trattamento dei dati personali.<\/p>\n<p>Il titolare del trattamento \u00e8:<br \/>\n<strong>Antonio Falanga<\/strong><br \/>\nVia C. Tramontano, 113 \u2013 84016 Pagani (SA) \u2013 P. IVA 05807150650<br \/>\n<strong>email:<\/strong><a href=\"mailto:info@creditcash.it\"> <b><u>info@creditcash.it<\/u><\/b><\/a><br \/>\n<strong>pec: \u00a0 \u00a0<a href=\"mailto:a.falangapec@pec.it\"><b><u>a.falangapec@pec.it<\/u><\/b><\/a><\/strong><\/p>\n<ul>\n<li>I dati personali da Lei forniti saranno trattati dal personale dipendente in forza alla nostra societ\u00e0<\/li>\n<li>i dati personali da Lei forniti alla nostra societ\u00e0 verranno utilizzati nei limiti e per il perseguimento delle finalit\u00e0 per cui sono stati forniti; in particolare il trattamento sar\u00e0 finalizzato all\u2019invio di newsletter periodica, all\u2019elaborazione per fornire una un\u2019offerta commerciale e per tutte le altre finalit\u00e0 per cui sar\u00e0 prestato il consenso;<\/li>\n<li>il conferimento dei dati \u00e8 obbligatorio, resta inteso che l\u2019eventuale rifiuto a fornire tali dati e il mancato consenso al loro trattamento comporter\u00e0 l\u2019impossibilit\u00e0 di adempimento dell\u2019incarico;<\/li>\n<\/ul>\n<p><strong>Modalit\u00e0 di trattamento e conservazione<\/strong><\/p>\n<ul>\n<li>Il trattamento sar\u00e0 svolto in forma automatizzata e\/o manuale, nel rispetto di quanto previsto dall\u2019art. 32 del GDPR 2016\/679 in materia di misure di sicurezza, ad opera di soggetti appositamente incaricati e in ottemperanza a quanto previsto dall\u2019art. 29 GDPR 2016\/ 679. Si segnala che i Suoi dati personali saranno conservati per il periodo di tempo necessario per il conseguimento delle finalit\u00e0 per le quali sono raccolti e trattati e quindi fino alla conclusione delle attivit\u00e0 per cui \u00e8 stato prestato consenso e\/o fino alla eventuale rinuncia e\/o revoca del consenso medesimo, nel rispetto dei principi di liceit\u00e0, limitazione delle finalit\u00e0 e minimizzazione dei dati, ai sensi dell\u2019art. 5 GDPR 2016\/679, previo il Suo consenso libero ed esplicito espresso in calce alla presente informativa<\/li>\n<li>I dati raccolti non saranno diffusi e non saranno oggetto di comunicazione senza Suo esplicito consenso, salvo le comunicazioni necessarie all\u2019adempimento dell\u2019incarico che possono comportare il trasferimento di dati ad intermediari finanziari, intermediari del credito, enti pubblici o ad altri soggetti per l\u2019adempimento degli obblighi di legge. A titolo esemplificativo, i Suoi dati potranno essere comunicati per l\u2019adempimento dell\u2019incarico a:\n<ul>\n<li>Istituti bancari, Intermediari finanziari, intermediari creditizi ed altri soggetti per l\u2019espletamento dell\u2019incarico ricevuto;<\/li>\n<li>personale e collaboratori in qualit\u00e0 di responsabili ed incaricati al trattamento dei dati per le pratiche relative ai servizi da Lei richiesti, tutti i soggetti sono debitamente informati ed istruiti circa gli adempimenti e le misure da adottare in materia di privacy;<\/li>\n<li>eventuali soggetti esterni alla nostra struttura, con i quali abbiamo stipulato precisi accordi in merito alle misure da adottare per garantire la sicurezza dei dati loro affidati, in ogni caso i dati saranno trattati esclusivamente per il perseguimento della finalit\u00e0 su indicate;<\/li>\n<\/ul>\n<\/li>\n<\/ul>\n<ul>\n<li>I suoi dati non saranno trasferiti n\u00e9 in stati membri dell\u2019Unione Europea n\u00e9 in paesi terzi non appartenenti all\u2019Unione Europea;<\/li>\n<li>Il titolare procede ad una profilazione degli interessati sulla base dei dati forniti finalizzata ad una classificazione ed ordinazione interna e per indirizzare eventuali campagne promozionali, comunicative e pubblicitarie future;<\/li>\n<li>Ai sensi degli articoli 9 e 10 del Regolamento UE n. 2016\/679, Lei potrebbe conferire al professionista dati qualificabili come \u201ccategorie particolari di dati personali\u201d e cio\u00e8 quei dati che rivelano \u201cl\u2019origine razziale o etnica, le opinioni politiche, le convinzioni religiose o filosofiche, o l\u2019appartenenza sindacale, nonch\u00e9 dati genetici, dati biometrici intesi a identificare in modo univoco una persona fisica, dati relativi alla salute o alla vita sessuale o all\u2019orientamento sessuale della persona\u201d. Tali categorie di dati potranno essere trattate solo previo Suo libero ed esplicito consenso, manifestato in forma scritta in calce alla presente informativa.<\/li>\n<\/ul>\n<\/div><div class=\"fusion-text fusion-text-4 fusion-text-no-margin\" style=\"--awb-content-alignment:left;--awb-font-size:20px;--awb-text-color:hsla(var(--awb-color8-h),var(--awb-color8-s),var(--awb-color8-l),calc(var(--awb-color8-a) - 20%));--awb-margin-right:5px;--awb-margin-left:5px;--awb-text-font-family:&quot;Roboto&quot;;--awb-text-font-style:normal;--awb-text-font-weight:300;\"><p><strong>Diritti dell\u2019interessato<\/strong><\/p>\n<p>In ogni momento, Lei potr\u00e0 esercitare, ai sensi degli articoli dal 15 al 22 del Regolamento UE n. 2016\/679, il diritto di:<\/p>\n<ul>\n<li>chiedere la conferma dell\u2019esistenza o meno di propri dati personali;<\/li>\n<li>ottenere le indicazioni circa le finalit\u00e0 del trattamento, le categorie dei dati personali, i destinatari o le categorie di destinatari a cui i dati personali sono stati o saranno comunicati e, quando possibile, il periodo di conservazione;<\/li>\n<li>ottenere la rettifica e la cancellazione dei dati;<\/li>\n<li>ottenere la limitazione del trattamento;<\/li>\n<li>ottenere la portabilit\u00e0 dei dati, ossia riceverli da un titolare del trattamento, in un formato strutturato, di uso comune e leggibile da dispositivo automatico, e trasmetterli ad un altro titolare del trattamento senza impedimenti;<\/li>\n<li>opporsi al trattamento in qualsiasi momento ed anche nel caso di trattamento per finalit\u00e0 di marketing diretto;<br \/>\nopporsi ad un processo decisionale automatizzato relativo alle persone \ufb01siche, compresa la profilazione.<\/li>\n<li>chiedere al titolare del trattamento l\u2019accesso ai dati personali e la rettifica o la cancellazione degli stessi o la limitazione del trattamento che lo riguardano o di opporsi al loro trattamento, oltre al diritto alla portabilit\u00e0 dei dati;<\/li>\n<li>revocare il consenso in qualsiasi momento senza pregiudicare la liceit\u00e0 del trattamento basata sul consenso prestato prima della revoca;<\/li>\n<li>proporre reclamo a un\u2019autorit\u00e0 di controllo.<\/li>\n<\/ul>\n<p>Pu\u00f2 esercitare i Suoi diritti con richiesta scritta da inviare a Antonio Falanga \u2013 Via C. Tramontano, 113 \u2013 84016 Pagani (SA) oppure all\u2019indirizzo di posta elettronica certificata <strong><a href=\"mailto:afalangapec@pec.it\"><u>afalangapec@pec.it<\/u><\/a><\/strong>.<\/p>\n<\/div><div class=\"fusion-separator fusion-full-width-sep\" style=\"align-self: center;margin-left: auto;margin-right: auto;margin-top:35px;margin-bottom:25px;width:100%;\"><\/div><\/div><\/div><\/div><\/div><div class=\"fusion-fullwidth fullwidth-box fusion-builder-row-4 fusion-flex-container nonhundred-percent-fullwidth non-hundred-percent-height-scrolling\" style=\"--awb-background-position:left top;--awb-border-sizes-top:0px;--awb-border-sizes-bottom:0px;--awb-border-sizes-left:0px;--awb-border-sizes-right:0px;--awb-border-radius-top-left:0px;--awb-border-radius-top-right:0px;--awb-border-radius-bottom-right:0px;--awb-border-radius-bottom-left:0px;--awb-padding-top:100px;--awb-padding-bottom:140px;--awb-margin-bottom-medium:0px;--awb-margin-bottom-small:0px;--awb-background-color:var(--awb-color1);--awb-flex-wrap:wrap;\" ><div class=\"fusion-builder-row fusion-row fusion-flex-align-items-stretch fusion-flex-content-wrap\" style=\"max-width:1352px;margin-left: calc(-4% \/ 2 );margin-right: calc(-4% \/ 2 );\"><div class=\"fusion-layout-column fusion_builder_column fusion-builder-column-4 fusion_builder_column_1_1 1_1 fusion-flex-column\" style=\"--awb-bg-blend:overlay;--awb-bg-size:cover;--awb-width-large:100%;--awb-margin-top-large:0px;--awb-spacing-right-large:1.92%;--awb-margin-bottom-large:55px;--awb-spacing-left-large:1.92%;--awb-width-medium:100%;--awb-order-medium:0;--awb-spacing-right-medium:1.92%;--awb-spacing-left-medium:1.92%;--awb-width-small:100%;--awb-order-small:0;--awb-spacing-right-small:1.92%;--awb-spacing-left-small:1.92%;\"><div class=\"fusion-column-wrapper fusion-column-has-shadow fusion-flex-justify-content-flex-start fusion-content-layout-column\"><div class=\"fusion-separator fusion-full-width-sep\" style=\"align-self: center;margin-left: auto;margin-right: auto;margin-top:0px;margin-bottom:0px;width:100%;\"><div class=\"fusion-separator-border sep-single sep-solid\" style=\"--awb-height:20px;--awb-amount:20px;--awb-sep-color:var(--awb-color2);border-color:var(--awb-color2);border-top-width:2px;\"><\/div><\/div><\/div><\/div><\/div><\/div><\/p>\n","protected":false},"excerpt":{"rendered":"","protected":false},"author":1,"featured_media":0,"parent":0,"menu_order":0,"comment_status":"closed","ping_status":"closed","template":"100-width.php","meta":{"footnotes":""},"class_list":["post-21","page","type-page","status-publish","hentry"],"_links":{"self":[{"href":"https:\/\/creditcash.it\/piattaforma\/wp-json\/wp\/v2\/pages\/21","targetHints":{"allow":["GET"]}}],"collection":[{"href":"https:\/\/creditcash.it\/piattaforma\/wp-json\/wp\/v2\/pages"}],"about":[{"href":"https:\/\/creditcash.it\/piattaforma\/wp-json\/wp\/v2\/types\/page"}],"author":[{"embeddable":true,"href":"https:\/\/creditcash.it\/piattaforma\/wp-json\/wp\/v2\/users\/1"}],"replies":[{"embeddable":true,"href":"https:\/\/creditcash.it\/piattaforma\/wp-json\/wp\/v2\/comments?post=21"}],"version-history":[{"count":182,"href":"https:\/\/creditcash.it\/piattaforma\/wp-json\/wp\/v2\/pages\/21\/revisions"}],"predecessor-version":[{"id":261,"href":"https:\/\/creditcash.it\/piattaforma\/wp-json\/wp\/v2\/pages\/21\/revisions\/261"}],"wp:attachment":[{"href":"https:\/\/creditcash.it\/piattaforma\/wp-json\/wp\/v2\/media?parent=21"}],"curies":[{"name":"wp","href":"https:\/\/api.w.org\/{rel}","templated":true}]}}