{"id":3,"date":"2025-01-30T12:04:23","date_gmt":"2025-01-30T12:04:23","guid":{"rendered":"https:\/\/creditcash.it\/cessionedelcredito\/?page_id=3"},"modified":"2025-08-05T08:55:07","modified_gmt":"2025-08-05T08:55:07","slug":"privacy-policy","status":"publish","type":"page","link":"https:\/\/creditcash.it\/cessionedelcredito\/privacy-policy\/","title":{"rendered":"Privacy Policy"},"content":{"rendered":"<p><div class=\"fusion-fullwidth fullwidth-box fusion-builder-row-1 fusion-flex-container has-pattern-background has-mask-background nonhundred-percent-fullwidth non-hundred-percent-height-scrolling\" style=\"--awb-border-radius-top-left:0px;--awb-border-radius-top-right:0px;--awb-border-radius-bottom-right:0px;--awb-border-radius-bottom-left:0px;--awb-padding-top:83px;--awb-padding-bottom:0px;--awb-margin-top:0px;--awb-background-color:var(--awb-color2);--awb-flex-wrap:wrap;\" ><div class=\"fusion-builder-row fusion-row fusion-flex-align-items-flex-start fusion-flex-content-wrap\" style=\"max-width:1352px;margin-left: calc(-4% \/ 2 );margin-right: calc(-4% \/ 2 );\"><div class=\"fusion-layout-column fusion_builder_column fusion-builder-column-0 fusion_builder_column_2_3 2_3 fusion-flex-column\" style=\"--awb-bg-size:cover;--awb-width-large:66.666666666667%;--awb-margin-top-large:0px;--awb-spacing-right-large:2.88%;--awb-margin-bottom-large:0px;--awb-spacing-left-large:2.88%;--awb-width-medium:66.666666666667%;--awb-order-medium:0;--awb-spacing-right-medium:2.88%;--awb-spacing-left-medium:2.88%;--awb-width-small:100%;--awb-order-small:0;--awb-spacing-right-small:1.92%;--awb-spacing-left-small:1.92%;\"><div class=\"fusion-column-wrapper fusion-column-has-shadow fusion-flex-justify-content-flex-start fusion-content-layout-column\"><div class=\"fusion-text fusion-text-1\" style=\"--awb-font-size:80px;--awb-line-height:1;--awb-text-font-family:&quot;Inter&quot;;--awb-text-font-style:normal;--awb-text-font-weight:500;\"><p>Privacy Policy<\/p>\n<\/div><div class=\"fusion-text fusion-text-2\" style=\"--awb-font-size:24px;--awb-line-height:1.4;--awb-text-color:var(--awb-color8);--awb-text-font-family:&quot;Inter&quot;;--awb-text-font-style:normal;--awb-text-font-weight:300;\"><p>Informativa sul trattamento dei dati personali ai sensi dell\u2019art. 13 del Regolamento UE n. 2016\/679<\/p>\n<\/div><div class=\"fusion-separator fusion-full-width-sep\" style=\"align-self: center;margin-left: auto;margin-right: auto;margin-top:10px;margin-bottom:10px;width:100%;\"><\/div><\/div><\/div><\/div><\/div><div class=\"fusion-fullwidth fullwidth-box fusion-builder-row-2 fusion-flex-container has-pattern-background has-mask-background nonhundred-percent-fullwidth non-hundred-percent-height-scrolling\" style=\"--awb-border-radius-top-left:0px;--awb-border-radius-top-right:0px;--awb-border-radius-bottom-right:0px;--awb-border-radius-bottom-left:0px;--awb-padding-top:18px;--awb-padding-bottom:0px;--awb-margin-top:0px;--awb-margin-bottom:0px;--awb-background-color:var(--awb-color1);--awb-flex-wrap:wrap;\" ><div class=\"fusion-builder-row fusion-row fusion-flex-align-items-center fusion-flex-content-wrap\" style=\"max-width:1352px;margin-left: calc(-4% \/ 2 );margin-right: calc(-4% \/ 2 );\"><div class=\"fusion-layout-column fusion_builder_column fusion-builder-column-1 fusion-flex-column\" style=\"--awb-bg-size:cover;--awb-width-large:90%;--awb-margin-top-large:0px;--awb-spacing-right-large:2.1333333333333%;--awb-margin-bottom-large:20px;--awb-spacing-left-large:2.1333333333333%;--awb-width-medium:90%;--awb-order-medium:0;--awb-spacing-right-medium:2.1333333333333%;--awb-spacing-left-medium:2.1333333333333%;--awb-width-small:100%;--awb-order-small:0;--awb-spacing-right-small:1.92%;--awb-spacing-left-small:1.92%;\"><div class=\"fusion-column-wrapper fusion-column-has-shadow fusion-flex-justify-content-flex-start fusion-content-layout-column\"><div class=\"fusion-text fusion-text-3\" style=\"--awb-content-alignment:left;--awb-font-size:20px;--awb-line-height:1.3;--awb-text-color:var(--awb-color8);--awb-margin-top:15px;--awb-text-font-family:&quot;Inter&quot;;--awb-text-font-style:normal;--awb-text-font-weight:300;\"><p>Gentile Utente, desideriamo informarLa che i dati personali da Lei forniti formeranno oggetto di trattamento nel rispetto del Regolamento UE n. 2016\/679 (di seguito \u201cGDPR 2016\/679\u201d), recante disposizioni a tutela delle persone e di altri soggetti nel rispetto al trattamento dei dati personali.<\/p>\n<\/div><\/div><\/div><\/div><\/div><div class=\"fusion-fullwidth fullwidth-box fusion-builder-row-3 fusion-flex-container has-pattern-background has-mask-background nonhundred-percent-fullwidth non-hundred-percent-height-scrolling\" style=\"--awb-border-radius-top-left:0px;--awb-border-radius-top-right:0px;--awb-border-radius-bottom-right:0px;--awb-border-radius-bottom-left:0px;--awb-padding-top:0px;--awb-padding-bottom:2px;--awb-margin-top:0px;--awb-background-color:var(--awb-color1);--awb-flex-wrap:wrap;\" ><div class=\"fusion-builder-row fusion-row fusion-flex-align-items-flex-start fusion-flex-content-wrap\" style=\"max-width:1352px;margin-left: calc(-4% \/ 2 );margin-right: calc(-4% \/ 2 );\"><div class=\"fusion-layout-column fusion_builder_column fusion-builder-column-2 fusion_builder_column_2_3 2_3 fusion-flex-column\" style=\"--awb-bg-color:rgba(25,143,217,0.15);--awb-bg-color-hover:rgba(25,143,217,0.15);--awb-bg-size:cover;--awb-width-large:66.666666666667%;--awb-margin-top-large:0px;--awb-spacing-right-large:2.88%;--awb-margin-bottom-large:20px;--awb-spacing-left-large:2.88%;--awb-width-medium:66.666666666667%;--awb-order-medium:0;--awb-spacing-right-medium:2.88%;--awb-spacing-left-medium:2.88%;--awb-width-small:100%;--awb-order-small:0;--awb-spacing-right-small:1.92%;--awb-spacing-left-small:1.92%;\"><div class=\"fusion-column-wrapper fusion-column-has-shadow fusion-flex-justify-content-flex-start fusion-content-layout-column\"><div class=\"fusion-text fusion-text-4\" style=\"--awb-content-alignment:left;--awb-font-size:16px;--awb-line-height:1.4;--awb-text-color:var(--awb-color5);--awb-margin-top:20px;--awb-margin-left:50px;--awb-text-font-family:&quot;Inter&quot;;--awb-text-font-style:normal;--awb-text-font-weight:300;\"><p><b>Il titolare del trattamento \u00e8:<\/b><\/p>\n<p>Antonio Falanga<br \/>\nVia C. Tramontano, 113 \u2013 84016 Pagani (SA) \u2013 P. IVA 05807150650<br \/>\nemail <a href=\"mailto: info@creditcash.it\"><b><u>info@creditcash.it<\/u><\/b><\/a><br \/>\npec <a href=\"mailto:a.falangapec@pec.it\" target=\"_blank\" rel=\"noopener\"><b><u>a.falangapec@pec.it<\/u><\/b><\/a><\/p>\n<\/div><\/div><\/div><\/div><\/div><div class=\"fusion-fullwidth fullwidth-box fusion-builder-row-4 fusion-flex-container has-pattern-background has-mask-background nonhundred-percent-fullwidth non-hundred-percent-height-scrolling\" style=\"--awb-border-radius-top-left:0px;--awb-border-radius-top-right:0px;--awb-border-radius-bottom-right:0px;--awb-border-radius-bottom-left:0px;--awb-padding-top:2px;--awb-padding-bottom:0px;--awb-margin-top:0px;--awb-background-color:var(--awb-color1);--awb-flex-wrap:wrap;\" ><div class=\"fusion-builder-row fusion-row fusion-flex-align-items-flex-start fusion-flex-content-wrap\" style=\"max-width:1352px;margin-left: calc(-4% \/ 2 );margin-right: calc(-4% \/ 2 );\"><div class=\"fusion-layout-column fusion_builder_column fusion-builder-column-3 fusion-flex-column\" style=\"--awb-bg-size:cover;--awb-width-large:90%;--awb-margin-top-large:0px;--awb-spacing-right-large:2.1333333333333%;--awb-margin-bottom-large:0px;--awb-spacing-left-large:2.1333333333333%;--awb-width-medium:90%;--awb-order-medium:0;--awb-spacing-right-medium:2.1333333333333%;--awb-spacing-left-medium:2.1333333333333%;--awb-width-small:100%;--awb-order-small:0;--awb-spacing-right-small:1.92%;--awb-spacing-left-small:1.92%;\"><div class=\"fusion-column-wrapper fusion-column-has-shadow fusion-flex-justify-content-flex-start fusion-content-layout-column\"><div class=\"fusion-text fusion-text-5\" style=\"--awb-content-alignment:left;--awb-font-size:20px;--awb-line-height:1.4;--awb-text-color:var(--awb-color8);--awb-margin-top:15px;--awb-text-font-family:&quot;Inter&quot;;--awb-text-font-style:normal;--awb-text-font-weight:300;\"><ul>\n<li class=\"TheCard_intro__text_2Esvq\">I dati personali da Lei forniti saranno trattati dal personale dipendente in forza alla nostra societ\u00e0<\/li>\n<li class=\"TheCard_intro__text_2Esvq\">i dati personali da Lei forniti alla nostra societ\u00e0 verranno utilizzati nei limiti e per il perseguimento delle finalit\u00e0 per cui sono stati forniti; in particolare il trattamento sar\u00e0 finalizzato all\u2019invio di newsletter periodica, all\u2019elaborazione per fornire una un\u2019offerta commerciale e per tutte le altre finalit\u00e0 per cui sar\u00e0 prestato il consenso;<\/li>\n<li class=\"TheCard_intro__text_2Esvq\">il conferimento dei dati \u00e8 obbligatorio, resta inteso che l\u2019eventuale rifiuto a fornire tali dati e il mancato consenso al loro trattamento comporter\u00e0 l\u2019impossibilit\u00e0 di adempimento dell\u2019incarico;<\/li>\n<\/ul>\n<\/div><\/div><\/div><\/div><\/div><div class=\"fusion-fullwidth fullwidth-box fusion-builder-row-5 fusion-flex-container has-pattern-background has-mask-background nonhundred-percent-fullwidth non-hundred-percent-height-scrolling\" style=\"--awb-border-radius-top-left:0px;--awb-border-radius-top-right:0px;--awb-border-radius-bottom-right:0px;--awb-border-radius-bottom-left:0px;--awb-padding-top:43px;--awb-padding-bottom:0px;--awb-margin-top:0px;--awb-background-color:var(--awb-color1);--awb-flex-wrap:wrap;\" ><div class=\"fusion-builder-row fusion-row fusion-flex-align-items-flex-start fusion-flex-content-wrap\" style=\"max-width:1352px;margin-left: calc(-4% \/ 2 );margin-right: calc(-4% \/ 2 );\"><div class=\"fusion-layout-column fusion_builder_column fusion-builder-column-4 fusion-flex-column\" style=\"--awb-bg-size:cover;--awb-width-large:90%;--awb-margin-top-large:0px;--awb-spacing-right-large:2.1333333333333%;--awb-margin-bottom-large:0px;--awb-spacing-left-large:2.1333333333333%;--awb-width-medium:90%;--awb-order-medium:0;--awb-spacing-right-medium:2.1333333333333%;--awb-spacing-left-medium:2.1333333333333%;--awb-width-small:100%;--awb-order-small:0;--awb-spacing-right-small:1.92%;--awb-spacing-left-small:1.92%;\"><div class=\"fusion-column-wrapper fusion-column-has-shadow fusion-flex-justify-content-flex-start fusion-content-layout-column\"><div class=\"fusion-text fusion-text-6 fusion-text-no-margin\" style=\"--awb-content-alignment:left;--awb-font-size:30px;--awb-line-height:1.3;--awb-text-color:var(--awb-color8);--awb-margin-bottom:0px;--awb-text-font-family:&quot;Inter&quot;;--awb-text-font-style:normal;--awb-text-font-weight:600;\"><p>I nostri valori<\/p>\n<\/div><div class=\"fusion-text fusion-text-7\" style=\"--awb-content-alignment:left;--awb-font-size:20px;--awb-line-height:1.4;--awb-text-color:var(--awb-color8);--awb-margin-top:15px;--awb-text-font-family:&quot;Inter&quot;;--awb-text-font-style:normal;--awb-text-font-weight:300;\"><div class=\"wpb_text_column has-custom-color wpex-child-inherit-color wpb_content_element \">\n<div class=\"wpb_wrapper\">\n<ul>\n<li class=\"TheCard_intro__text_2Esvq\">Il trattamento sar\u00e0 svolto in forma automatizzata e\/o manuale, nel rispetto di quanto previsto dall\u2019art. 32 del GDPR 2016\/679 in materia di misure di sicurezza, ad opera di soggetti appositamente incaricati e in ottemperanza a quanto previsto dall\u2019art. 29 GDPR 2016\/ 679. Si segnala che i Suoi dati personali saranno conservati per il periodo di tempo necessario per il conseguimento delle finalit\u00e0 per le quali sono raccolti e trattati e quindi fino alla conclusione delle attivit\u00e0 per cui \u00e8 stato prestato consenso e\/o fino alla eventuale rinuncia e\/o revoca del consenso medesimo, nel rispetto dei principi di liceit\u00e0, limitazione delle finalit\u00e0 e minimizzazione dei dati, ai sensi dell\u2019art. 5 GDPR 2016\/679, previo il Suo consenso libero ed esplicito espresso in calce alla presente informativa<\/li>\n<\/ul>\n<\/div>\n<\/div>\n<div class=\"wpb_text_column has-custom-color wpex-child-inherit-color wpb_content_element \">\n<div class=\"wpb_wrapper\">\n<ul>\n<li>I dati raccolti non saranno diffusi e non saranno oggetto di comunicazione senza Suo esplicito consenso, salvo le comunicazioni necessarie all\u2019adempimento dell\u2019incarico che possono comportare il trasferimento di dati ad intermediari finanziari, intermediari del credito, enti pubblici o ad altri soggetti per l\u2019adempimento degli obblighi di legge. A titolo esemplificativo, i Suoi dati potranno essere comunicati per l\u2019adempimento dell\u2019incarico a:\n<ul>\n<li>Istituti bancari, Intermediari finanziari, intermediari creditizi ed altri soggetti per l\u2019espletamento dell\u2019incarico ricevuto;<\/li>\n<li>personale e collaboratori in qualit\u00e0 di responsabili ed incaricati al trattamento dei dati per le pratiche relative ai servizi da Lei richiesti, tutti i soggetti sono debitamente informati ed istruiti circa gli adempimenti e le misure da adottare in materia di privacy;<\/li>\n<li>eventuali soggetti esterni alla nostra struttura, con i quali abbiamo stipulato precisi accordi in merito alle misure da adottare per garantire la sicurezza dei dati loro affidati, in ogni caso i dati saranno trattati esclusivamente per il perseguimento della finalit\u00e0 su indicate;<\/li>\n<\/ul>\n<\/li>\n<\/ul>\n<\/div>\n<\/div>\n<div class=\"wpb_text_column has-custom-color wpex-child-inherit-color wpb_content_element \">\n<div class=\"wpb_wrapper\">\n<ul>\n<li class=\"TheCard_intro__text_2Esvq\">I suoi dati non saranno trasferiti n\u00e9 in stati membri dell\u2019Unione Europea n\u00e9 in paesi terzi non appartenenti all\u2019Unione Europea;<\/li>\n<\/ul>\n<\/div>\n<\/div>\n<div class=\"wpb_text_column has-custom-color wpex-child-inherit-color wpb_content_element \">\n<div class=\"wpb_wrapper\">\n<ul>\n<li class=\"TheCard_intro__text_2Esvq\">Il titolare procede ad una profilazione degli interessati sulla base dei dati forniti finalizzata ad una classificazione ed ordinazione interna e per indirizzare eventuali campagne promozionali, comunicative e pubblicitarie future;<\/li>\n<\/ul>\n<\/div>\n<\/div>\n<div class=\"wpb_text_column has-custom-color wpex-child-inherit-color wpb_content_element \">\n<div class=\"wpb_wrapper\">\n<ul>\n<li class=\"TheCard_intro__text_2Esvq\">Ai sensi degli articoli 9 e 10 del Regolamento UE n. 2016\/679, Lei potrebbe conferire al professionista dati qualificabili come \u201ccategorie particolari di dati personali\u201d e cio\u00e8 quei dati che rivelano \u201cl\u2019origine razziale o etnica, le opinioni politiche, le convinzioni religiose o filosofiche, o l\u2019appartenenza sindacale, nonch\u00e9 dati genetici, dati biometrici intesi a identificare in modo univoco una persona fisica, dati relativi alla salute o alla vita sessuale o all\u2019orientamento sessuale della persona\u201d. Tali categorie di dati potranno essere trattate solo previo Suo libero ed esplicito consenso, manifestato in forma scritta in calce alla presente informativa.<\/li>\n<\/ul>\n<\/div>\n<\/div>\n<\/div><\/div><\/div><\/div><\/div><div class=\"fusion-fullwidth fullwidth-box fusion-builder-row-6 fusion-flex-container has-pattern-background has-mask-background nonhundred-percent-fullwidth non-hundred-percent-height-scrolling\" style=\"--awb-border-radius-top-left:0px;--awb-border-radius-top-right:0px;--awb-border-radius-bottom-right:0px;--awb-border-radius-bottom-left:0px;--awb-padding-top:43px;--awb-padding-bottom:87px;--awb-margin-top:0px;--awb-background-color:var(--awb-color1);--awb-flex-wrap:wrap;\" ><div class=\"fusion-builder-row fusion-row fusion-flex-align-items-flex-start fusion-flex-content-wrap\" style=\"max-width:1352px;margin-left: calc(-4% \/ 2 );margin-right: calc(-4% \/ 2 );\"><div class=\"fusion-layout-column fusion_builder_column fusion-builder-column-5 fusion-flex-column\" style=\"--awb-bg-size:cover;--awb-width-large:90%;--awb-margin-top-large:0px;--awb-spacing-right-large:2.1333333333333%;--awb-margin-bottom-large:0px;--awb-spacing-left-large:2.1333333333333%;--awb-width-medium:90%;--awb-order-medium:0;--awb-spacing-right-medium:2.1333333333333%;--awb-spacing-left-medium:2.1333333333333%;--awb-width-small:100%;--awb-order-small:0;--awb-spacing-right-small:1.92%;--awb-spacing-left-small:1.92%;\"><div class=\"fusion-column-wrapper fusion-column-has-shadow fusion-flex-justify-content-flex-start fusion-content-layout-column\"><div class=\"fusion-text fusion-text-8 fusion-text-no-margin\" style=\"--awb-content-alignment:left;--awb-font-size:30px;--awb-line-height:1.3;--awb-text-color:var(--awb-color8);--awb-margin-bottom:0px;--awb-text-font-family:&quot;Inter&quot;;--awb-text-font-style:normal;--awb-text-font-weight:600;\"><p>Diritti dell\u2019interessato<\/p>\n<\/div><div class=\"fusion-text fusion-text-9\" style=\"--awb-content-alignment:left;--awb-font-size:20px;--awb-line-height:1.4;--awb-text-color:var(--awb-color8);--awb-margin-top:15px;--awb-text-font-family:&quot;Inter&quot;;--awb-text-font-style:normal;--awb-text-font-weight:300;\"><div class=\"wpb_text_column has-custom-color wpex-child-inherit-color wpb_content_element \">\n<div class=\"wpb_wrapper\">\n<p>In ogni momento, Lei potr\u00e0 esercitare, ai sensi degli articoli dal 15 al 22 del Regolamento UE n. 2016\/679, il diritto di:<\/p>\n<\/div>\n<\/div>\n<div class=\"wpb_text_column has-custom-color wpex-child-inherit-color wpb_content_element \">\n<div class=\"wpb_wrapper\">\n<ul>\n<li><span style=\"font-size: 20px;\" data-fusion-font=\"true\">chiedere la conferma dell\u2019esistenza o meno di propri dati personali;<\/span><\/li>\n<li><span style=\"font-size: 20px;\" data-fusion-font=\"true\">ottenere le indicazioni circa le finalit\u00e0 del trattamento, le categorie dei dati personali, i destinatari o le categorie di destinatari a cui i dati personali sono stati o saranno comunicati e, quando possibile, il periodo di conservazione;<\/span><\/li>\n<li><span style=\"font-size: 20px;\" data-fusion-font=\"true\">ottenere la rettifica e la cancellazione dei dati;<\/span><\/li>\n<li><span style=\"font-size: 20px;\" data-fusion-font=\"true\">ottenere la limitazione del trattamento;<\/span><\/li>\n<li><span style=\"font-size: 20px;\" data-fusion-font=\"true\">ottenere la portabilit\u00e0 dei dati, ossia riceverli da un titolare del trattamento, in un formato strutturato, di uso comune e leggibile da dispositivo automatico, e trasmetterli ad un altro titolare del trattamento senza impedimenti;<\/span><\/li>\n<li><span style=\"font-size: 20px;\" data-fusion-font=\"true\">opporsi al trattamento in qualsiasi momento ed anche nel caso di trattamento per finalit\u00e0 di marketing diretto;<\/span><\/li>\n<li><span style=\"font-size: 20px;\" data-fusion-font=\"true\">opporsi ad un processo decisionale automatizzato relativo alle persone \ufb01siche, compresa la profilazione.<\/span><\/li>\n<li><span style=\"font-size: 20px;\" data-fusion-font=\"true\">chiedere al titolare del trattamento l\u2019accesso ai dati personali e la rettifica o la cancellazione degli stessi o la limitazione del trattamento che lo riguardano o di opporsi al loro trattamento, oltre al diritto alla portabilit\u00e0 dei dati;<\/span><\/li>\n<li><span style=\"font-size: 20px;\" data-fusion-font=\"true\">revocare il consenso in qualsiasi momento senza pregiudicare la liceit\u00e0 del trattamento basata sul consenso prestato prima della revoca;<\/span><\/li>\n<li><b style=\"font-size: 20px;\" data-fusion-font=\"true\"><\/b><span style=\"font-size: 20px;\" data-fusion-font=\"true\">proporre reclamo a un\u2019autorit\u00e0 di controllo.<\/span><\/li>\n<\/ul>\n<p><span style=\"font-size: 16px;\" data-fusion-font=\"true\">Pu\u00f2 esercitare i Suoi diritti con richiesta scritta da inviare a <\/span><b style=\"font-size: 16px;\" data-fusion-font=\"true\">Antonio Falanga<\/b><span style=\"font-size: 16px;\" data-fusion-font=\"true\"> \u2013 Via C. Tramontano, 113 \u2013 84016 Pagani (SA) oppure all\u2019indirizzo di posta elettronica certificata <\/span><a style=\"font-size: 16px;\" href=\"mailto:afalangapec@pec.it\" data-fusion-font=\"true\"><span style=\"color: var(--awb-color5);\"><b><u>afalangapec@pec.it<\/u><\/b><\/span><\/a><span style=\"font-size: 16px;\" data-fusion-font=\"true\">.<\/span><\/p>\n<\/div>\n<\/div>\n<\/div><\/div><\/div><\/div><\/div><\/p>\n","protected":false},"excerpt":{"rendered":"","protected":false},"author":1,"featured_media":0,"parent":0,"menu_order":0,"comment_status":"closed","ping_status":"open","template":"","meta":{"footnotes":""},"class_list":["post-3","page","type-page","status-publish","hentry"],"_links":{"self":[{"href":"https:\/\/creditcash.it\/cessionedelcredito\/wp-json\/wp\/v2\/pages\/3","targetHints":{"allow":["GET"]}}],"collection":[{"href":"https:\/\/creditcash.it\/cessionedelcredito\/wp-json\/wp\/v2\/pages"}],"about":[{"href":"https:\/\/creditcash.it\/cessionedelcredito\/wp-json\/wp\/v2\/types\/page"}],"author":[{"embeddable":true,"href":"https:\/\/creditcash.it\/cessionedelcredito\/wp-json\/wp\/v2\/users\/1"}],"replies":[{"embeddable":true,"href":"https:\/\/creditcash.it\/cessionedelcredito\/wp-json\/wp\/v2\/comments?post=3"}],"version-history":[{"count":26,"href":"https:\/\/creditcash.it\/cessionedelcredito\/wp-json\/wp\/v2\/pages\/3\/revisions"}],"predecessor-version":[{"id":793,"href":"https:\/\/creditcash.it\/cessionedelcredito\/wp-json\/wp\/v2\/pages\/3\/revisions\/793"}],"wp:attachment":[{"href":"https:\/\/creditcash.it\/cessionedelcredito\/wp-json\/wp\/v2\/media?parent=3"}],"curies":[{"name":"wp","href":"https:\/\/api.w.org\/{rel}","templated":true}]}}